{"id":1206,"date":"2018-08-01T03:09:31","date_gmt":"2018-08-01T03:09:31","guid":{"rendered":"https:\/\/rentaboat-martinscica.com\/home\/"},"modified":"2024-07-27T05:29:06","modified_gmt":"2024-07-27T05:29:06","slug":"home","status":"publish","type":"page","link":"https:\/\/rentaboat-martinscica.com\/hr\/","title":{"rendered":"Home"},"content":{"rendered":"<section class=\"wpb-content-wrapper\"><p>[vc_row gap=&#8221;30&#8243; el_id=&#8221;slider&#8221; css=&#8221;.vc_custom_1679446537683{margin-top: -80px !important;}&#8221;][vc_column css=&#8221;.vc_custom_1679422828837{padding-top: 53px !important;padding-bottom: 32px !important;}&#8221;]\n\t\t\t<!-- START Home REVOLUTION SLIDER 6.6.11 --><p class=\"rs-p-wp-fix\"><\/p>\n\t\t\t<rs-module-wrap id=\"rev_slider_1_1_wrapper\" data-source=\"gallery\" style=\"visibility:hidden;background:transparent;padding:0;margin:0px auto;margin-top:0;margin-bottom:0;\">\n\t\t\t\t<rs-module id=\"rev_slider_1_1\" style=\"\" data-version=\"6.6.11\">\n\t\t\t\t\t<rs-slides style=\"overflow: hidden; position: absolute;\">\n\t\t\t\t\t\t<rs-slide style=\"position: absolute;\" data-key=\"rs-5\" data-title=\"Slide\" data-in=\"o:0;\" data-out=\"a:false;\">\n\t\t\t\t\t\t\t<img src=\"\/\/img.youtube.com\/vi\/wgILXWulkrY\/sddefault.jpg\" alt=\"\" title=\"Home\" class=\"rev-slidebg tp-rs-img\" data-parallax=\"off\" data-no-retina>\n\t\t\t\t\t\t\t<rs-bgvideo \n\t\t\t\t\t\t\t\tdata-video=\"vc:none;w:100%;h:100%;nse:false;l:true;ptimer:true;\"\n\t\t\t\t\t\t\t\tdata-ytid=\"wgILXWulkrY\"\n\t\t\t\t\t\t\t\tdata-vatr=\"version=3&amp;enablejsapi=1&amp;html5=1&amp;vq=hd720&amp;origin=https:\/\/rentaboat-martinscica.com;\"\n\t\t\t\t\t\t\t><\/rs-bgvideo>\n<!--\n\t\t\t\t\t\t\t--><rs-group\n\t\t\t\t\t\t\t\tid=\"slider-1-slide-5-layer-0\" \n\t\t\t\t\t\t\t\tdata-type=\"group\"\n\t\t\t\t\t\t\t\tdata-xy=\"x:21px;y:c;yo:-55px;\"\n\t\t\t\t\t\t\t\tdata-text=\"l:22;a:inherit;\"\n\t\t\t\t\t\t\t\tdata-dim=\"w:1000px;h:221px;\"\n\t\t\t\t\t\t\t\tdata-frame_1=\"sR:10;\"\n\t\t\t\t\t\t\t\tdata-frame_999=\"o:0;st:w;sR:8690;sA:9000;\"\n\t\t\t\t\t\t\t\tstyle=\"z-index:5;\"\n\t\t\t\t\t\t\t><!--\n\t\t\t\t\t\t\t\t--><rs-layer\n\t\t\t\t\t\t\t\t\tid=\"slider-1-slide-5-layer-9\" \n\t\t\t\t\t\t\t\t\tclass=\"btn2 rev-btn\"\n\t\t\t\t\t\t\t\t\tdata-type=\"button\"\n\t\t\t\t\t\t\t\t\tdata-color=\"#012f5c\"\n\t\t\t\t\t\t\t\t\tdata-rsp_ch=\"on\"\n\t\t\t\t\t\t\t\t\tdata-xy=\"x:164px;y:b;\"\n\t\t\t\t\t\t\t\t\tdata-pos=\"a\"\n\t\t\t\t\t\t\t\t\tdata-text=\"s:16;l:16;fw:600;a:inherit;\"\n\t\t\t\t\t\t\t\t\tdata-actions='o:click;a:scrollbelow;offset:-100;sp:400;e:power0.in;'\n\t\t\t\t\t\t\t\t\tdata-padding=\"t:15;r:27;b:15;l:34;\"\n\t\t\t\t\t\t\t\t\tdata-border=\"bor:4px,4px,4px,4px;\"\n\t\t\t\t\t\t\t\t\tdata-frame_0=\"x:50px;\"\n\t\t\t\t\t\t\t\t\tdata-frame_1=\"e:easeOutCirc;st:1200;sp:600;sR:1190;\"\n\t\t\t\t\t\t\t\t\tdata-frame_999=\"x:-50px;o:0;e:easeOutCirc;st:w;sp:600;sR:7200;\"\n\t\t\t\t\t\t\t\t\tdata-frame_hover=\"c:#fff;bgc:#012f5c;boc:#000;bor:4px,4px,4px,4px;bos:solid;oX:50;oY:50;sp:400;e:power0.in;\"\n\t\t\t\t\t\t\t\t\tstyle=\"z-index:9;background-color:#fdd415;font-family:'Poppins';cursor:pointer;outline:none;box-shadow:none;box-sizing:border-box;-moz-box-sizing:border-box;-webkit-box-sizing:border-box;\"\n\t\t\t\t\t\t\t\t>Our Boats <i class=\"space-left fa fa-caret-right\"><\/i> \n\t\t\t\t\t\t\t\t<\/rs-layer><!--\n\n\t\t\t\t\t\t\t\t--><a\n\t\t\t\t\t\t\t\t\tid=\"slider-1-slide-5-layer-8\" \n\t\t\t\t\t\t\t\t\tclass=\"rs-layer btn1 rev-btn\"\n\t\t\t\t\t\t\t\t\thref=\"#about-us\" target=\"_self\"\n\t\t\t\t\t\t\t\t\tdata-type=\"button\"\n\t\t\t\t\t\t\t\t\tdata-color=\"rgba(255,255,255,1)\"\n\t\t\t\t\t\t\t\t\tdata-rsp_ch=\"on\"\n\t\t\t\t\t\t\t\t\tdata-xy=\"y:b;\"\n\t\t\t\t\t\t\t\t\tdata-pos=\"a\"\n\t\t\t\t\t\t\t\t\tdata-text=\"s:16;l:16;fw:600;a:inherit;\"\n\t\t\t\t\t\t\t\t\tdata-padding=\"t:15;r:24;b:15;l:34;\"\n\t\t\t\t\t\t\t\t\tdata-border=\"bor:4px,4px,4px,4px;\"\n\t\t\t\t\t\t\t\t\tdata-frame_0=\"x:50px;\"\n\t\t\t\t\t\t\t\t\tdata-frame_1=\"e:easeOutCirc;st:1100;sp:600;sR:1090;\"\n\t\t\t\t\t\t\t\t\tdata-frame_999=\"x:-50px;o:0;e:easeOutCirc;st:w;sp:600;sR:7300;\"\n\t\t\t\t\t\t\t\t\tdata-frame_hover=\"c:#012f5c;bgc:#fdd415;boc:#000;bor:4px,4px,4px,4px;bos:solid;oX:50;oY:50;sp:400;e:power0.in;\"\n\t\t\t\t\t\t\t\t\tstyle=\"z-index:8;background-color:#012f5c;font-family:'Poppins';cursor:pointer;outline:none;box-shadow:none;box-sizing:border-box;-moz-box-sizing:border-box;-webkit-box-sizing:border-box;\"\n\t\t\t\t\t\t\t\t>About us <i class=\"space-left fa fa-caret-right\"><\/i> \n\t\t\t\t\t\t\t\t<\/a><!--\n\n\t\t\t\t\t\t\t\t--><rs-layer\n\t\t\t\t\t\t\t\t\tid=\"slider-1-slide-5-layer-6\" \n\t\t\t\t\t\t\t\t\tdata-type=\"text\"\n\t\t\t\t\t\t\t\t\tdata-color=\"#ffffff\"\n\t\t\t\t\t\t\t\t\tdata-rsp_ch=\"on\"\n\t\t\t\t\t\t\t\t\tdata-xy=\"y:-9px;\"\n\t\t\t\t\t\t\t\t\tdata-pos=\"a\"\n\t\t\t\t\t\t\t\t\tdata-text=\"s:61;l:61;fw:700;a:inherit;\"\n\t\t\t\t\t\t\t\t\tdata-frame_0=\"x:51px;\"\n\t\t\t\t\t\t\t\t\tdata-frame_1=\"e:easeOutCirc;st:700;sp:600;sR:690;\"\n\t\t\t\t\t\t\t\t\tdata-frame_999=\"x:-50px;o:0;e:easeOutCirc;st:w;sp:600;sR:7700;\"\n\t\t\t\t\t\t\t\t\tstyle=\"z-index:6;font-family:'Poppins';\"\n\t\t\t\t\t\t\t\t>Rent a Boat<br\/>\nMartin\u0161\u0107ica, Cres island \n\t\t\t\t\t\t\t\t<\/rs-layer><!--\n\t\t\t\t\t\t\t--><\/rs-group><!--\n-->\t\t\t\t\t\t<\/rs-slide>\n\t\t\t\t\t<\/rs-slides>\n\t\t\t\t<\/rs-module>\n\t\t\t\t<script>\n\t\t\t\t\tsetREVStartSize({c: 'rev_slider_1_1',rl:[1240,1024,778,480],el:[870],gw:[1200],gh:[870],type:'hero',justify:'',layout:'fullwidth',mh:\"0\"});if (window.RS_MODULES!==undefined && window.RS_MODULES.modules!==undefined && window.RS_MODULES.modules[\"revslider11\"]!==undefined) {window.RS_MODULES.modules[\"revslider11\"].once = false;window.revapi1 = undefined;if (window.RS_MODULES.checkMinimal!==undefined) window.RS_MODULES.checkMinimal()}\n\t\t\t\t<\/script>\n\t\t\t<\/rs-module-wrap>\n\t\t\t<!-- END REVOLUTION SLIDER -->\n[vc_row_inner][vc_column_inner][vc_empty_space height=&#8221;60&#8243;][\/vc_column_inner][\/vc_row_inner][cms_heading text=&#8221;Our boats&#8221; tag=&#8221;h1&#8243; align_lg=&#8221;align-center&#8221; align_md=&#8221;align-center-md&#8221; align_sm=&#8221;align-center-sm&#8221; align_xs=&#8221;align-center-xs&#8221; font_size=&#8221;44&#8243; font_weight=&#8221;&#8221; divider=&#8221;divider1&#8243; text_color=&#8221;#012f5c&#8221;][\/vc_column][\/vc_row][vc_row full_width=&#8221;stretch_row_content&#8221; gap=&#8221;30&#8243; el_id=&#8221;our-boats&#8221;][vc_column][vc_row_inner][vc_column_inner width=&#8221;1\/4&#8243;][vc_single_image image=&#8221;744&#8243; img_size=&#8221;medium&#8221; onclick=&#8221;link_image&#8221; css_animation=&#8221;zoomIn&#8221;][cms_heading text=&#8221;QUICKSILVER 635&#8243; align_lg=&#8221;align-center&#8221; align_md=&#8221;align-center-md&#8221; align_sm=&#8221;align-center-sm&#8221; align_xs=&#8221;align-center-xs&#8221; font_weight=&#8221;&#8221; text_color=&#8221;#012f5c&#8221;][cms_textbox text=&#8221;Length: 6,35 m<br \/>\nCapacity: 6 persons<br \/>\nEngine: 115 HP MERCURY<br \/>\nFuel tank: 140 lit.<br \/>\nFuel consumption: 15-20 lit.\/hour<br \/>\n<strong>Price: 250 \u20ac + fuel<\/strong><br \/>\n(from 9:00 to 18:00)&#8221; text_font_size=&#8221;20&#8243; text_align=&#8221;text-center&#8221; text_style=&#8221;style-normal&#8221;][\/vc_column_inner][vc_column_inner width=&#8221;1\/4&#8243;][vc_single_image image=&#8221;745&#8243; img_size=&#8221;medium&#8221; onclick=&#8221;link_image&#8221; css_animation=&#8221;zoomIn&#8221;][cms_heading text=&#8221;Italmar Open 20&#8243; tag=&#8221;h6&#8243; align_lg=&#8221;align-center&#8221; align_md=&#8221;align-center-md&#8221; align_sm=&#8221;align-center-sm&#8221; align_xs=&#8221;align-center-xs&#8221; font_weight=&#8221;&#8221; text_color=&#8221;#012f5c&#8221;][cms_textbox text=&#8221;Length: 6,00 m<br \/>\nCapacity: 6 persons<br \/>\nEngine: 100 HP YAMAHA<br \/>\nFuel tank: 100 lit.<br \/>\nFuel consumption: 15-20 lit.\/hour<br \/>\n<strong>Price: 200 \u20ac + fuel<\/strong><br \/>\n(from 9:00 to 18:00)&#8221; text_font_size=&#8221;20&#8243; text_align=&#8221;text-center&#8221; text_style=&#8221;style-normal&#8221;][\/vc_column_inner][vc_column_inner width=&#8221;1\/4&#8243;][vc_single_image image=&#8221;905&#8243; img_size=&#8221;medium&#8221; onclick=&#8221;link_image&#8221; css_animation=&#8221;zoomIn&#8221;][cms_heading text=&#8221;Pasara Sport&#8221; tag=&#8221;h6&#8243; align_lg=&#8221;align-center&#8221; align_md=&#8221;align-center-md&#8221; align_sm=&#8221;align-center-sm&#8221; align_xs=&#8221;align-center-xs&#8221; font_weight=&#8221;&#8221; text_color=&#8221;#012f5c&#8221;][cms_textbox text=&#8221;M-Sport 500 Open &#8211; Color blue<br \/>\n<strong>Price: 120 \u20ac, fuel included<\/strong><br \/>\n(from 9:00 to 18:00)&#8221; text_font_size=&#8221;20&#8243; text_align=&#8221;text-center&#8221; text_style=&#8221;style-normal&#8221;][\/vc_column_inner][vc_column_inner width=&#8221;1\/4&#8243;][vc_single_image image=&#8221;926&#8243; img_size=&#8221;medium&#8221; onclick=&#8221;link_image&#8221; css_animation=&#8221;zoomIn&#8221;][cms_heading text=&#8221;Pasara Sport&#8221; tag=&#8221;h6&#8243; align_lg=&#8221;align-center&#8221; align_md=&#8221;align-center-md&#8221; align_sm=&#8221;align-center-sm&#8221; align_xs=&#8221;align-center-xs&#8221; font_weight=&#8221;&#8221; text_color=&#8221;#012f5c&#8221;][cms_textbox text=&#8221;M-Sport 500 Open &#8211; Color blue<br \/>\n<strong>Price: 120 \u20ac, fuel included<\/strong><br \/>\n(from 9:00 to 18:00)&#8221; text_font_size=&#8221;20&#8243; text_align=&#8221;text-center&#8221; text_style=&#8221;style-normal&#8221;][\/vc_column_inner][\/vc_row_inner][\/vc_column][vc_column][vc_row_inner css=&#8221;.vc_custom_1679073918520{margin-top: 60px !important;}&#8221;][vc_column_inner width=&#8221;1\/4&#8243;][\/vc_column_inner][vc_column_inner width=&#8221;1\/4&#8243;][vc_single_image image=&#8221;928&#8243; img_size=&#8221;medium&#8221; onclick=&#8221;link_image&#8221; css_animation=&#8221;zoomIn&#8221;][cms_heading text=&#8221;Pasara&#8221; tag=&#8221;h6&#8243; align_lg=&#8221;align-center&#8221; align_md=&#8221;align-center-md&#8221; align_sm=&#8221;align-center-sm&#8221; align_xs=&#8221;align-center-xs&#8221; font_weight=&#8221;&#8221; text_color=&#8221;#012f5c&#8221;][cms_textbox text=&#8221;Color white<br \/>\n<strong>Price: 120 \u20ac, fuel included<\/strong><br \/>\n(from 9:00 to 18:00)&#8221; text_font_size=&#8221;20&#8243; text_align=&#8221;text-center&#8221; text_style=&#8221;style-normal&#8221;][\/vc_column_inner][vc_column_inner width=&#8221;1\/4&#8243;][vc_single_image image=&#8221;930&#8243; img_size=&#8221;medium&#8221; onclick=&#8221;link_image&#8221; css_animation=&#8221;zoomIn&#8221;][cms_heading text=&#8221;Pasara&#8221; tag=&#8221;h6&#8243; align_lg=&#8221;align-center&#8221; align_md=&#8221;align-center-md&#8221; align_sm=&#8221;align-center-sm&#8221; align_xs=&#8221;align-center-xs&#8221; font_weight=&#8221;&#8221; text_color=&#8221;#012f5c&#8221;][cms_textbox text=&#8221;Color white<br \/>\n<strong>Price: 120 \u20ac, fuel included<\/strong><br \/>\n(from 9:00 to 18:00)&#8221; text_font_size=&#8221;20&#8243; text_align=&#8221;text-center&#8221; text_style=&#8221;style-normal&#8221;][\/vc_column_inner][vc_column_inner width=&#8221;1\/4&#8243;][\/vc_column_inner][\/vc_row_inner][\/vc_column][\/vc_row][vc_row full_width=&#8221;stretch_row&#8221; parallax=&#8221;content-moving&#8221; parallax_image=&#8221;107&#8243; parallax_speed_bg=&#8221;1.8&#8243; ct_row_class=&#8221;row-overlay&#8221; cms_row_class=&#8221;row-overlay&#8221; css=&#8221;.vc_custom_1678039662276{background-color: rgba(1,47,92,0.9) !important;*background-color: rgb(1,47,92) !important;}&#8221; el_id=&#8221;destinations&#8221;][vc_column css=&#8221;.vc_custom_1532962299676{padding-top: 68px !important;padding-bottom: 68px !important;}&#8221;][cms_heading text=&#8221;Rent a boat in Martin\u0161\u0107ica&#8221; align_lg=&#8221;align-center&#8221; align_md=&#8221;align-center-md&#8221; align_sm=&#8221;align-center-sm&#8221; align_xs=&#8221;align-center-xs&#8221; font_size=&#8221;25&#8243; font_size_md=&#8221;30&#8243; font_size_sm=&#8221;30&#8243; font_size_xs=&#8221;30&#8243; font_weight=&#8221;&#8221; text_color=&#8221;#eeee22&#8243; margin_bottom=&#8221;0&#8243; animation=&#8221;fadeIn&#8221;][cms_heading text=&#8221;Tel. 098 9652438&#8243; tag=&#8221;h4&#8243; align_lg=&#8221;align-center&#8221; align_md=&#8221;align-center-md&#8221; align_sm=&#8221;align-center-sm&#8221; align_xs=&#8221;align-center-xs&#8221; font_size=&#8221;25&#8243; font_size_md=&#8221;30&#8243; font_size_sm=&#8221;30&#8243; font_size_xs=&#8221;30&#8243; font_weight=&#8221;&#8221; text_color=&#8221;#eeee22&#8243; margin_bottom=&#8221;0&#8243; animation=&#8221;fadeIn&#8221;][cms_textbox text=&#8221;<strong>E-mail: rentaboatmartinscica@gmail.com<\/strong>&#8221; text_color=&#8221;#eeee22&#8243; text_font_size=&#8221;18&#8243; text_align=&#8221;text-center&#8221; text_style=&#8221;style-normal&#8221;][\/vc_column][\/vc_row][vc_row full_width=&#8221;stretch_row&#8221; css=&#8221;.vc_custom_1679076071494{background-color: #f5f5f5 !important;}&#8221;][vc_column css=&#8221;.vc_custom_1533137572152{padding-top: 73px !important;padding-bottom: 63px !important;}&#8221;][cms_heading text=&#8221;Destinations&#8221; tag=&#8221;h1&#8243; align_lg=&#8221;align-center&#8221; align_md=&#8221;align-center-md&#8221; align_sm=&#8221;align-center-sm&#8221; align_xs=&#8221;align-center-xs&#8221; font_size=&#8221;44&#8243; font_weight=&#8221;&#8221; divider=&#8221;divider1&#8243; text_color=&#8221;#012f5c&#8221;][vc_row_inner css=&#8221;.vc_custom_1678043484842{margin-top: 90px !important;}&#8221;][vc_column_inner width=&#8221;1\/4&#8243;][vc_single_image image=&#8221;755&#8243; onclick=&#8221;link_image&#8221;][cms_heading text=&#8221;Lubenice&#8221; align_lg=&#8221;align-center&#8221; align_md=&#8221;align-center-md&#8221; align_sm=&#8221;align-center-sm&#8221; align_xs=&#8221;align-center-xs&#8221; font_weight=&#8221;&#8221; text_color=&#8221;#012f5c&#8221;][cms_textbox text=&#8221;<u>Distance: 6 NM<\/u><br \/>\nDiscover a hidden gem on the Croatian coastline with crystal-clear waters and picturesque cliffs &#8211; Lubenice beach is waiting for you to explore by boat!&#8221; text_font_size=&#8221;17&#8243; text_line_height=&#8221;24&#8243; text_style=&#8221;style-normal&#8221;][\/vc_column_inner][vc_column_inner width=&#8221;1\/4&#8243;][vc_single_image image=&#8221;933&#8243; onclick=&#8221;link_image&#8221;][cms_heading text=&#8221;Plava Grota&#8221; align_lg=&#8221;align-center&#8221; align_md=&#8221;align-center-md&#8221; align_sm=&#8221;align-center-sm&#8221; align_xs=&#8221;align-center-xs&#8221; font_weight=&#8221;&#8221; text_color=&#8221;#012f5c&#8221;][cms_textbox text=&#8221;<u>Distance: 5 NM<\/u><br \/>\nExplore the breathtaking Plava Grota (Blue Cave) on Cres Island. Experience this mesmerizing natural wonder by boat and witness the stunning blue waters.&#8221; text_font_size=&#8221;17&#8243; text_line_height=&#8221;24&#8243; text_style=&#8221;style-normal&#8221;][\/vc_column_inner][vc_column_inner width=&#8221;1\/4&#8243;][vc_single_image image=&#8221;918&#8243; onclick=&#8221;link_image&#8221;][cms_heading text=&#8221;Cres&#8221; align_lg=&#8221;align-center&#8221; align_md=&#8221;align-center-md&#8221; align_sm=&#8221;align-center-sm&#8221; align_xs=&#8221;align-center-xs&#8221; font_weight=&#8221;&#8221; text_color=&#8221;#012f5c&#8221;][cms_textbox text=&#8221;<u>Distance: 14 NM<\/u><br \/>\nCres is the biggest town on the island. It has charming medieval architecture, picturesque harbor, and winding streets.&#8221; text_font_size=&#8221;17&#8243; text_line_height=&#8221;24&#8243; text_style=&#8221;style-normal&#8221;][\/vc_column_inner][vc_column_inner width=&#8221;1\/4&#8243;][vc_single_image image=&#8221;1528&#8243; onclick=&#8221;link_image&#8221;][cms_heading text=&#8221;Valun&#8221; align_lg=&#8221;align-center&#8221; align_md=&#8221;align-center-md&#8221; align_sm=&#8221;align-center-sm&#8221; align_xs=&#8221;align-center-xs&#8221; font_weight=&#8221;&#8221; text_color=&#8221;#012f5c&#8221;][cms_textbox text=&#8221;<u>Distance: 12 NM<\/u><br \/>\nValun is a small fishing village with stunning pebble beaches, crystal-clear sea, and charming stone houses.&#8221; text_font_size=&#8221;17&#8243; text_line_height=&#8221;24&#8243; text_style=&#8221;style-normal&#8221;][\/vc_column_inner][\/vc_row_inner][vc_row_inner css=&#8221;.vc_custom_1678043484842{margin-top: 90px !important;}&#8221;][vc_column_inner width=&#8221;1\/4&#8243;][vc_single_image image=&#8221;1524&#8243; onclick=&#8221;link_image&#8221;][cms_heading text=&#8221;Ze\u010da&#8221; align_lg=&#8221;align-center&#8221; align_md=&#8221;align-center-md&#8221; align_sm=&#8221;align-center-sm&#8221; align_xs=&#8221;align-center-xs&#8221; font_weight=&#8221;&#8221; text_color=&#8221;#012f5c&#8221;][cms_textbox text=&#8221;<u>Distance: 2.5 NM<\/u><br \/>\nZe\u010da is a very small uninhabited island, close to Martin\u0161\u0107ica, it has beautuful pebble beaches.&#8221; text_font_size=&#8221;17&#8243; text_line_height=&#8221;24&#8243; text_style=&#8221;style-normal&#8221;][\/vc_column_inner][vc_column_inner width=&#8221;1\/4&#8243;][vc_single_image image=&#8221;1520&#8243; onclick=&#8221;link_image&#8221;][cms_heading text=&#8221;Unije&#8221; align_lg=&#8221;align-center&#8221; align_md=&#8221;align-center-md&#8221; align_sm=&#8221;align-center-sm&#8221; align_xs=&#8221;align-center-xs&#8221; font_weight=&#8221;&#8221; text_color=&#8221;#012f5c&#8221;][cms_textbox text=&#8221;<u>Distance: 12 NM<\/u><br \/>\nUnije is a small island with untouched nature, crystal-clear waters, and secluded beaches. The island has only one settlement, which is also called Unije&#8221; text_font_size=&#8221;17&#8243; text_line_height=&#8221;24&#8243; text_style=&#8221;style-normal&#8221;][\/vc_column_inner][vc_column_inner width=&#8221;1\/4&#8243;][vc_single_image image=&#8221;915&#8243; onclick=&#8221;link_image&#8221;][cms_heading text=&#8221;Lo\u0161inj&#8221; align_lg=&#8221;align-center&#8221; align_md=&#8221;align-center-md&#8221; align_sm=&#8221;align-center-sm&#8221; align_xs=&#8221;align-center-xs&#8221; font_weight=&#8221;&#8221; text_color=&#8221;#012f5c&#8221;][cms_textbox text=&#8221;<u>Distance: 20 NM<\/u><br \/>\nLo\u0161inj is an island known for its mild climate, fragrant pine forests, and clear blue sea. The island has a long tradition of tourism, dating back to the 19th century.&#8221; text_font_size=&#8221;17&#8243; text_line_height=&#8221;24&#8243; text_style=&#8221;style-normal&#8221;][\/vc_column_inner][vc_column_inner width=&#8221;1\/4&#8243;][vc_single_image image=&#8221;914&#8243; onclick=&#8221;link_image&#8221;][cms_heading text=&#8221;Susak&#8221; align_lg=&#8221;align-center&#8221; align_md=&#8221;align-center-md&#8221; align_sm=&#8221;align-center-sm&#8221; align_xs=&#8221;align-center-xs&#8221; font_weight=&#8221;&#8221; text_color=&#8221;#012f5c&#8221;][cms_textbox text=&#8221;<u>Distance: 21 NM<\/u><br \/>\nSusak is a small island known for its sandy beaches, beautiful landscape and unique traditional costume. The island is car-free.&#8221; text_font_size=&#8221;17&#8243; text_line_height=&#8221;24&#8243; text_style=&#8221;style-normal&#8221;][\/vc_column_inner][\/vc_row_inner][vc_row_inner css=&#8221;.vc_custom_1678043204990{margin-top: 90px !important;}&#8221;][vc_column_inner][vc_separator el_id=&#8221;about-us&#8221; css=&#8221;.vc_custom_1678043331992{margin-top: 30px !important;padding-bottom: 90px !important;}&#8221;][\/vc_column_inner][\/vc_row_inner][cms_heading text=&#8221;About us&#8221; font_size=&#8221;44&#8243; font_size_md=&#8221;36&#8243; font_size_sm=&#8221;36&#8243; font_size_xs=&#8221;24&#8243; line_height=&#8221;44&#8243; line_height_md=&#8221;44&#8243; line_height_sm=&#8221;44&#8243; line_height_xs=&#8221;32&#8243; font_weight=&#8221;&#8221; divider=&#8221;divider1&#8243; text_color=&#8221;#012f5c&#8221; margin_bottom=&#8221;60&#8243;][vc_row_inner][vc_column_inner width=&#8221;7\/12&#8243; ct_column_inner_class=&#8221;rm-padding-lg&#8221; css=&#8221;.vc_custom_1533137537600{padding-top: 0px !important;padding-right: 45px !important;padding-bottom: 35px !important;}&#8221;][vc_column_text css=&#8221;.vc_custom_1679346586912{border-radius: 10px !important;}&#8221;]<span style=\"color: #4a4a4a;\">We are located in Martin\u0161\u0107ica on the island of Cres in Croatia. All our boats are well mantained and the engines are regularly serviced. Our team is friendly and always happy to offer advice on the best places to explore on the island.<\/span><\/p>\n<p>Martinscica is a charming village is surrounded by stunning natural beauty and is an ideal destination for those seeking peace and tranquility away from the hustle and bustle of city life.<\/p>\n<p>Renting a boat is an excellent way to experience the beauty of Cres, you can explore hidden bays and secluded beaches, enjoy swimming and snorkeling in the crystal-clear waters, and discover some of the island&#8217;s most stunning natural attractions.<\/p>\n<p><span style=\"color: #4a4a4a;\">Call us to reserve your boat!<br \/>\n<\/span><\/p>\n<p><strong>Contact tel. +385 98 965 24 38<br \/>\nE-mail: rentaboatmartinscica@gmail.com<br \/>\n<\/strong>[\/vc_column_text][\/vc_column_inner][vc_column_inner width=&#8221;5\/12&#8243; css=&#8221;.vc_custom_1533137545112{padding-top: 0px !important;padding-bottom: 35px !important;}&#8221;][vc_single_image image=&#8221;762&#8243; img_size=&#8221;full&#8221; alignment=&#8221;right&#8221; css_animation=&#8221;fadeInRight&#8221; ct_image_align=&#8221;image_align_xs_center&#8221; css=&#8221;.vc_custom_1678041569597{margin-bottom: 0px !important;}&#8221;][\/vc_column_inner][vc_column_inner][vc_separator css=&#8221;.vc_custom_1678046715158{margin-top: 30px !important;padding-bottom: 30px !important;}&#8221; el_id=&#8221;contact-us&#8221;][\/vc_column_inner][\/vc_row_inner][\/vc_column][\/vc_row][vc_row full_width=&#8221;stretch_row&#8221; parallax=&#8221;content-moving&#8221; parallax_image=&#8221;764&#8243; parallax_speed_bg=&#8221;1.8&#8243; ct_row_class=&#8221;row-overlay&#8221; cms_row_class=&#8221;row-overlay&#8221; css=&#8221;.vc_custom_1678045057968{padding-top: 40px !important;padding-bottom: 80px !important;background-color: rgba(1,47,92,0.9) !important;*background-color: rgb(1,47,92) !important;}&#8221; el_id=&#8221;contact&#8221;][vc_column width=&#8221;1\/2&#8243; css=&#8221;.vc_custom_1533033549183{padding-top: 40px !important;}&#8221;][vc_gmaps link=&#8221;#E-8_JTNDaWZyYW1lJTIwc3JjJTNEJTIyaHR0cHMlM0ElMkYlMkZ3d3cuZ29vZ2xlLmNvbSUyRm1hcHMlMkZlbWJlZCUzRnBiJTNEJTIxMW0xNyUyMTFtMTIlMjExbTMlMjExZDcwNy41MzMxNzU4MDMyMDIyJTIxMmQxNC4zNTA3Nzc4JTIxM2Q0NC44MTg4NjExJTIxMm0zJTIxMWYwJTIxMmYwJTIxM2YwJTIxM20yJTIxMWkxMDI0JTIxMmk3NjglMjE0ZjEzLjElMjEzbTIlMjExbTElMjEyek5EVENzRFE1SnpBM0xqa2lUaUF4Tk1Ld01qRW5NREl1T0NKRiUyMTVlMCUyMTNtMiUyMTFzaHIlMjEyc2hyJTIxNHYxNjc5NjEwMzk4NzQ3JTIxNW0yJTIxMXNociUyMTJzaHIlMjIlMjB3aWR0aCUzRCUyMjYwMCUyMiUyMGhlaWdodCUzRCUyMjQ1MCUyMiUyMHN0eWxlJTNEJTIyYm9yZGVyJTNBMCUzQiUyMiUyMGFsbG93ZnVsbHNjcmVlbiUzRCUyMiUyMiUyMGxvYWRpbmclM0QlMjJsYXp5JTIyJTIwcmVmZXJyZXJwb2xpY3klM0QlMjJuby1yZWZlcnJlci13aGVuLWRvd25ncmFkZSUyMiUzRSUzQyUyRmlmcmFtZSUzRQ==&#8221;][\/vc_column][vc_column width=&#8221;1\/2&#8243; css=&#8221;.vc_custom_1533033599033{margin-top: -5px !important;padding-top: 40px !important;}&#8221;][cms_heading text=&#8221;Kontakt&#8221; font_size=&#8221;44&#8243; font_size_md=&#8221;30&#8243; font_size_sm=&#8221;30&#8243; font_size_xs=&#8221;30&#8243; font_weight=&#8221;600&#8243; divider=&#8221;divider1&#8243; text_color=&#8221;#f5f5f5&#8243; description=&#8221;Contact us and reserve a boat!&#8221; description_color=&#8221;#ffffff&#8221; margin_bottom=&#8221;17&#8243;][vc_empty_space height=&#8221;26px&#8221;][cms_contact_form id=&#8221;731&#8243; form_style=&#8221;form-style2&#8243;][\/vc_column][\/vc_row][vc_row][vc_column width=&#8221;1\/4&#8243;][\/vc_column][vc_column width=&#8221;1\/4&#8243;][\/vc_column][vc_column width=&#8221;1\/4&#8243;][\/vc_column][vc_column width=&#8221;1\/4&#8243;][\/vc_column][\/vc_row][vc_row full_width=&#8221;stretch_row_content&#8221; el_id=&#8221;gallery&#8221;][vc_column][cms_heading text=&#8221;Gallery&#8221; tag=&#8221;h1&#8243; align_lg=&#8221;align-center&#8221; align_md=&#8221;align-center-md&#8221; align_sm=&#8221;align-center-sm&#8221; align_xs=&#8221;align-center-xs&#8221; font_size=&#8221;44&#8243; font_size_md=&#8221;30&#8243; font_size_sm=&#8221;20&#8243; font_size_xs=&#8221;20&#8243; font_weight=&#8221;&#8221; divider=&#8221;divider1&#8243; text_color=&#8221;#012f5c&#8221; margin_bottom=&#8221;60&#8243;][vc_media_grid style=&#8221;load-more&#8221; items_per_page=&#8221;12&#8243; element_width=&#8221;2&#8243; gap=&#8221;15&#8243; item=&#8221;mediaGrid_ScaleInWithIcon&#8221; grid_id=&#8221;vc_gid:1722054845959-a90b9063-d56a-2&#8243; include=&#8221;762,758,775,757,760,759,761,766,765,763,751,750,755,754,756,753,764,752,1546,1550,1554,1558,1562,1566,1570,1574,1578,1582,1586,1590,1594,1598,1602,1606,1610,1614,1618,1622,1626,1630,1634,1638,1642,1646,1650,1654&#8243;][\/vc_column][\/vc_row]<\/p>\n<\/section>","protected":false},"excerpt":{"rendered":"<p>[vc_row gap=&#8221;30&#8243; el_id=&#8221;slider&#8221; css=&#8221;.vc_custom_1679446537683{margin-top: -80px !important;}&#8221;][vc_column css=&#8221;.vc_custom_1679422828837{padding-top: 53px !important;padding-bottom: 32px !important;}&#8221;][vc_row_inner][vc_column_inner][vc_empty_space height=&#8221;60&#8243;][\/vc_column_inner][\/vc_row_inner][cms_heading text=&#8221;Our boats&#8221; tag=&#8221;h1&#8243; align_lg=&#8221;align-center&#8221; align_md=&#8221;align-center-md&#8221; align_sm=&#8221;align-center-sm&#8221; align_xs=&#8221;align-center-xs&#8221; font_size=&#8221;44&#8243; font_weight=&#8221;&#8221; divider=&#8221;divider1&#8243; text_color=&#8221;#012f5c&#8221;][\/vc_column][\/vc_row][vc_row full_width=&#8221;stretch_row_content&#8221; gap=&#8221;30&#8243; el_id=&#8221;our-boats&#8221;][vc_column][vc_row_inner][vc_column_inner width=&#8221;1\/4&#8243;][vc_single_image image=&#8221;744&#8243; img_size=&#8221;medium&#8221; onclick=&#8221;link_image&#8221; css_animation=&#8221;zoomIn&#8221;][cms_heading text=&#8221;QUICKSILVER 635&#8243; align_lg=&#8221;align-center&#8221; align_md=&#8221;align-center-md&#8221; align_sm=&#8221;align-center-sm&#8221; align_xs=&#8221;align-center-xs&#8221; font_weight=&#8221;&#8221; text_color=&#8221;#012f5c&#8221;][cms_textbox text=&#8221;Length: 6,35 m Capacity: 6 persons Engine: 115 HP MERCURY Fuel tank: 140 lit. Fuel consumption: [&hellip;]<\/p>\n","protected":false},"author":1,"featured_media":0,"parent":0,"menu_order":0,"comment_status":"closed","ping_status":"closed","template":"","meta":[],"_links":{"self":[{"href":"https:\/\/rentaboat-martinscica.com\/hr\/wp-json\/wp\/v2\/pages\/1206"}],"collection":[{"href":"https:\/\/rentaboat-martinscica.com\/hr\/wp-json\/wp\/v2\/pages"}],"about":[{"href":"https:\/\/rentaboat-martinscica.com\/hr\/wp-json\/wp\/v2\/types\/page"}],"author":[{"embeddable":true,"href":"https:\/\/rentaboat-martinscica.com\/hr\/wp-json\/wp\/v2\/users\/1"}],"replies":[{"embeddable":true,"href":"https:\/\/rentaboat-martinscica.com\/hr\/wp-json\/wp\/v2\/comments?post=1206"}],"version-history":[{"count":83,"href":"https:\/\/rentaboat-martinscica.com\/hr\/wp-json\/wp\/v2\/pages\/1206\/revisions"}],"predecessor-version":[{"id":1668,"href":"https:\/\/rentaboat-martinscica.com\/hr\/wp-json\/wp\/v2\/pages\/1206\/revisions\/1668"}],"wp:attachment":[{"href":"https:\/\/rentaboat-martinscica.com\/hr\/wp-json\/wp\/v2\/media?parent=1206"}],"curies":[{"name":"wp","href":"https:\/\/api.w.org\/{rel}","templated":true}]}}